{"id":5,"date":"2020-03-07T18:29:14","date_gmt":"2020-03-07T17:29:14","guid":{"rendered":"http:\/\/www.mawinator.com\/inediting\/?page_id=5"},"modified":"2021-07-10T08:57:16","modified_gmt":"2021-07-10T06:57:16","slug":"materialis","status":"publish","type":"page","link":"https:\/\/www.mawinator.com\/inediting\/","title":{"rendered":"Front Page"},"content":{"rendered":"<div  data-label=\"About\" data-id=\"about--1\" data-export-id=\"about-9\" data-category=\"about\" class=\"about-9 content-section content-section-spacing-large\" id=\"about-7\" style=\"background-color: rgb(255, 255, 255);\"><div  class=\"gridContainer\"> <div  class=\"row middle-sm text-center\"><div  class=\"col-sm-5 space-bottom-xs content-column content-center-sm\" data-type=\"column\">  <h2  class=\"\">Wir liefern<br >  schnell, verl\u00e4sslich und zu g\u00fcnstigen Preisen.<\/h2> <p  class=\"\"> Plakate, Inserate, Aufkleber, Firmenlogos, Visitenkarten, Transparente, Warenkataloge, Baustellentafeln, Bauzaunblenden, Gesch\u00e4ftsdrucksorten, Fahrzeugbeschriftung, Prospekte, Flugbl\u00e4tter, Texturgrafik f\u00fcr Rendering, Multimedia-und Webdesign, Firmenbrosch\u00fcren, Zeitschriften, Corporate Design, Markenzeichen, usw\u2026..<\/p> <\/div> <div  class=\"col-sm-7 flexbox flexbox middle-xs center-xs\"><div  class=\"overlay-box flexbox middle-xs center-xs overlay-holder \"> <div  class=\"overlay-box-offset offset-background mdc-elevation--z5 bg-color2 hide-xs border-radius-8\"><\/div> <img decoding=\"async\"  class=\"flexbox mdc-elevation--z10 img1 rounded\" src=\"http:\/\/www.mawinator.com\/inediting\/wp-content\/uploads\/2020\/06\/cropped-0045_1234_3.jpg\"><\/div> <\/div><\/div> <\/div><\/div><div data-label=\"About\" data-id=\"about--3\" data-export-id=\"about-10\" data-category=\"about\" class=\"about-10 content-section content-section-spacing-large\" id=\"about-9\"  style=\"background-color: rgb(245, 250, 253); background-image: none;\"><div class=\"gridContainer\" > <div class=\"row middle-sm text-center\" ><div class=\"col-sm-5 space-bottom-xs content-column content-left-sm\" data-type=\"column\" >  <h2 class=\"\" >CNC-Technik<\/h2> <p class=\"\" >CNC Maschinen erm\u00f6glichen das computergesteuerte Ausschneiden und Gravieren von Formen jeder Art.\n<br ><br >Lassen Sie personalisierte Holzschilder f\u00fcr Ihr Lokal oder als Geschennk ausschneiden!<br >(z.B. Schriftz\u00fcge, Logos, Buchstaben, Schilder,\u2026)<\/p> <\/div> <div class=\"col-sm-7 flexbox middle-xs center-xs\" ><div class=\"overlay-box middle-xs center-xs flexbox box-image\" > <div class=\"overlay-box-offset mdc-elevation--z5 border-color1 border-radius-8 hide-xs offset-background\" ><\/div> <img decoding=\"async\" class=\"mdc-elevation--z10 rounded max-image\" data-size=\"480x700\" src=\"http:\/\/www.mawinator.com\/inediting\/wp-content\/uploads\/2021\/07\/cropped-20210530_0009-scaled-3.jpg\" ><\/div> <\/div><\/div> <\/div><\/div><div  id=\"content-24\" style=\"background-color: rgb(255, 255, 255); background-image: none;\" data-label=\"Content\" data-id=\"content-7-materialis\" data-export-id=\"content-7-materialis\" data-category=\"content\" class=\"content-7m content-section-spacing-large content-section\"><div  class=\"gridContainer\"> <div  class=\"row middle-sm\"><div  class=\"col-md-6 col-xs-12 col-sm-6 col-padding-small-xs\"> <img decoding=\"async\"  class=\"mdc-elevation--z13 img-rounded\" src=\"http:\/\/www.mawinator.com\/inediting\/wp-content\/uploads\/2020\/03\/cropped-0045_1234_1-scaled-2.jpg\"><\/div> <div  class=\"col-md-5 col-md-offset-1 col-xs-12 col-sm-6 content-left-sm col-padding-small-xs\" data-type=\"column\"><h6  class=\"upper\">BEISPIELPROJEKT<\/h6> <h3  class=\"space-bottom\">VISITENKARTE HOLZRINGE<\/h3> <p  class=\"space-top\">Die Handgedrachselten Mondseer Holzringe werden im Klosterladen Mondsee verkauft. Eine Visitenkarte mit gl\u00e4nzendem Holzring und Goldschrift wurde gestaltet.<\/p> <\/div> <\/div><\/div> <\/div><div  id=\"content-25\" style=\"background-color: rgb(245, 250, 253); background-image: none;\" data-label=\"Content\" data-id=\"content-8-materialis\" data-export-id=\"content-8-materialis\" data-category=\"content\" class=\"content-8m content-section-spacing-large content-section\"><div  class=\"gridContainer\"> <div  class=\"row middle-sm\"><div  class=\"col-md-5 col-xs-12 col-sm-6 space-bottom-xs\" data-type=\"column\">  <h3  class=\"\">Sehen Sie Ihre Produkte bevor sie gedruckt werden.<\/h3> <p  class=\"space-top\">Wir gestalten und drucken alle beliebigen Drucksorten f\u00fcr Sie. \n<br >\nAuf Wunsch k\u00f6nnen Sie diese auch bereits vor dem Druck betrachten.<\/p>  <\/div> <div  class=\"col-md-6 col-md-offset-1 col-xs-12 col-sm-6\"> <img decoding=\"async\"  class=\"mdc-elevation--z9 rounded\" src=\"http:\/\/www.mawinator.com\/inediting\/wp-content\/uploads\/2020\/05\/cropped-Werbeartikel-2.png\"><\/div> <\/div><\/div> <\/div><div  data-label=\"Features\" data-id=\"features--1\" data-export-id=\"features-16\" data-category=\"features\" class=\"features-16 content-section content-section-spacing-large\" id=\"features-1\" style=\"background-color: rgb(255, 255, 255); background-image: none;\"><div  class=\"gridContainer\"> <div  class=\"row text-center\"><div  class=\"section-title-col\" data-type=\"column\"> <h2  class=\"\">Zwei Marken<\/h2> <p  class=\"lead\">Bei uns gibt es nicht nur Gestaltung und Druck, sondern auch Baupl\u00e4ne und Visualisierungen. Besuchen sie dazu&nbsp; MAWI Holz im Bild.<\/p><a class=\"button blue mdc-ripple-upgraded\" href=\"http:\/\/www.holzimbild.com\/inediting\" target=\"_blank\" data-cp-link=\"1\" rel=\"noopener noreferrer\">Zur Website von MAWI Holz im Bild<\/a><p  class=\"\"><\/p><\/div> <\/div> <div  class=\"row spaced-cols content-center-sm center-sm\" data-type=\"row\"> <div  class=\"col-xs-12 col-sm-6 col-md-4 space-bottom\"> <img decoding=\"async\"  class=\"face mdc-elevation--z3\" src=\"http:\/\/www.mawinator.com\/inediting\/wp-content\/uploads\/2020\/04\/cropped-llllll.png\"> <div  data-type=\"column\" class=\"col-padding-small col-padding-small-xs description-container\">   <\/div> <\/div>  <\/div> <\/div><\/div><!-- CloudPress Companion Preview Data START --><div  data-label=\"Cta\" data-id=\"cta--1\" data-export-id=\"cta-1-materialis\" data-category=\"cta\" class=\"content-relative content-section content-section-spacing-large cta-1-materialis section-title-col-white-text\" data-section-ov=\"1\" data-parallax-depth=\"20\" id=\"cta-1\" style=\"background-color: rgb(245, 250, 253); background-image: url(&quot;http:\/\/www.mawinator.com\/inediting\/wp-content\/uploads\/2020\/04\/MAW0002hdd0.png&quot;); background-size: cover; background-position: center top;\"><div  class=\"gridContainer\"> <div  class=\"row text-center col-sm-padding-medium\"><div  class=\"col-md-6 col-md-offset-3 col-xs-10 col-xs-offset-1 card mdc-elevation--z3 box-padding-lr-small\"> <div  data-type=\"column\" class=\"\"><h2  class=\"\">Kontaktieren Sie uns<\/h2>  <a class=\"button big color1 mdc-elevation--z1 mdc-ripple-upgraded\" href=\"http:\/\/www.mawinator.com\/inediting?page_id=70\" target=\"_self\" data-cp-link=\"1\" rel=\"noopener noreferrer\">zum Kontakt<\/a><\/div> <\/div><\/div> <\/div><\/div>","protected":false},"excerpt":{"rendered":"","protected":false},"author":1,"featured_media":0,"parent":0,"menu_order":0,"comment_status":"closed","ping_status":"closed","template":"page-templates\/homepage.php","meta":{"footnotes":""},"class_list":["post-5","page","type-page","status-publish","hentry"],"_links":{"self":[{"href":"https:\/\/www.mawinator.com\/inediting\/index.php?rest_route=\/wp\/v2\/pages\/5","targetHints":{"allow":["GET"]}}],"collection":[{"href":"https:\/\/www.mawinator.com\/inediting\/index.php?rest_route=\/wp\/v2\/pages"}],"about":[{"href":"https:\/\/www.mawinator.com\/inediting\/index.php?rest_route=\/wp\/v2\/types\/page"}],"author":[{"embeddable":true,"href":"https:\/\/www.mawinator.com\/inediting\/index.php?rest_route=\/wp\/v2\/users\/1"}],"replies":[{"embeddable":true,"href":"https:\/\/www.mawinator.com\/inediting\/index.php?rest_route=%2Fwp%2Fv2%2Fcomments&post=5"}],"version-history":[{"count":38,"href":"https:\/\/www.mawinator.com\/inediting\/index.php?rest_route=\/wp\/v2\/pages\/5\/revisions"}],"predecessor-version":[{"id":272,"href":"https:\/\/www.mawinator.com\/inediting\/index.php?rest_route=\/wp\/v2\/pages\/5\/revisions\/272"}],"wp:attachment":[{"href":"https:\/\/www.mawinator.com\/inediting\/index.php?rest_route=%2Fwp%2Fv2%2Fmedia&parent=5"}],"curies":[{"name":"wp","href":"https:\/\/api.w.org\/{rel}","templated":true}]}}